{"id":305,"date":"2021-10-19T07:55:11","date_gmt":"2021-10-19T07:55:11","guid":{"rendered":"https:\/\/ani.spitzer.gallery\/?page_id=305"},"modified":"2025-01-28T16:42:18","modified_gmt":"2025-01-28T16:42:18","slug":"ueber-mich","status":"publish","type":"page","link":"https:\/\/ani.spitzer.gallery\/en\/ueber-mich","title":{"rendered":"About me"},"content":{"rendered":"<div data-elementor-type=\"wp-page\" data-elementor-id=\"305\" class=\"elementor elementor-305\" data-elementor-post-type=\"page\">\n\t\t\t\t\t\t<section class=\"elementor-section elementor-top-section elementor-element elementor-element-6d3b473 elementor-section-boxed elementor-section-height-default elementor-section-height-default\" data-id=\"6d3b473\" data-element_type=\"section\" data-settings=\"{&quot;background_background&quot;:&quot;classic&quot;,&quot;sticky&quot;:&quot;top&quot;,&quot;sticky_on&quot;:[&quot;desktop&quot;,&quot;tablet&quot;,&quot;mobile&quot;],&quot;sticky_offset&quot;:0,&quot;sticky_effects_offset&quot;:0,&quot;sticky_anchor_link_offset&quot;:0}\">\n\t\t\t\t\t\t\t<div class=\"elementor-background-overlay\"><\/div>\n\t\t\t\t\t\t\t<div class=\"elementor-container elementor-column-gap-default\">\n\t\t\t\t\t<div class=\"elementor-column elementor-col-100 elementor-top-column elementor-element elementor-element-9eba99c\" data-id=\"9eba99c\" data-element_type=\"column\">\n\t\t\t<div class=\"elementor-widget-wrap elementor-element-populated\">\n\t\t\t\t\t\t<div class=\"elementor-element elementor-element-da01c72 elementor-widget elementor-widget-template\" data-id=\"da01c72\" data-element_type=\"widget\" data-widget_type=\"template.default\">\n\t\t\t\t<div class=\"elementor-widget-container\">\n\t\t\t\t\t\t\t<div class=\"elementor-template\">\n\t\t\t\t\t<header data-elementor-type=\"header\" data-elementor-id=\"68\" class=\"elementor elementor-68\" data-elementor-post-type=\"elementor_library\">\n\t\t\t\t\t<section class=\"elementor-section elementor-top-section elementor-element elementor-element-df0463b elementor-hidden-mobile elementor-section-boxed elementor-section-height-default elementor-section-height-default\" data-id=\"df0463b\" data-element_type=\"section\" data-settings=\"{&quot;sticky&quot;:&quot;top&quot;,&quot;sticky_on&quot;:[&quot;desktop&quot;,&quot;tablet&quot;,&quot;mobile&quot;],&quot;sticky_offset&quot;:0,&quot;sticky_effects_offset&quot;:0,&quot;sticky_anchor_link_offset&quot;:0}\">\n\t\t\t\t\t\t<div class=\"elementor-container elementor-column-gap-default\">\n\t\t\t\t\t<div class=\"elementor-column elementor-col-100 elementor-top-column elementor-element elementor-element-6d287a6\" data-id=\"6d287a6\" data-element_type=\"column\">\n\t\t\t<div class=\"elementor-widget-wrap elementor-element-populated\">\n\t\t\t\t\t\t\t<\/div>\n\t\t<\/div>\n\t\t\t\t\t<\/div>\n\t\t<\/section>\n\t\t\t\t<section class=\"elementor-section elementor-top-section elementor-element elementor-element-5c1e97e elementor-hidden-desktop elementor-section-boxed elementor-section-height-default elementor-section-height-default\" data-id=\"5c1e97e\" data-element_type=\"section\" data-settings=\"{&quot;sticky&quot;:&quot;top&quot;,&quot;sticky_on&quot;:[&quot;desktop&quot;,&quot;tablet&quot;,&quot;mobile&quot;],&quot;sticky_offset&quot;:0,&quot;sticky_effects_offset&quot;:0,&quot;sticky_anchor_link_offset&quot;:0}\">\n\t\t\t\t\t\t<div class=\"elementor-container elementor-column-gap-default\">\n\t\t\t\t\t<div class=\"elementor-column elementor-col-50 elementor-top-column elementor-element elementor-element-83b2989\" data-id=\"83b2989\" data-element_type=\"column\">\n\t\t\t<div class=\"elementor-widget-wrap elementor-element-populated\">\n\t\t\t\t\t\t<div class=\"elementor-element elementor-element-a322b71 elementor-widget elementor-widget-text-editor\" data-id=\"a322b71\" data-element_type=\"widget\" data-widget_type=\"text-editor.default\">\n\t\t\t\t<div class=\"elementor-widget-container\">\n\t\t\t\t\t\t\t\t\t<p>Hauptmen\u00fc<\/p>\t\t\t\t\t\t\t\t<\/div>\n\t\t\t\t<\/div>\n\t\t\t\t\t<\/div>\n\t\t<\/div>\n\t\t\t\t<div class=\"elementor-column elementor-col-50 elementor-top-column elementor-element elementor-element-424a356\" data-id=\"424a356\" data-element_type=\"column\">\n\t\t\t<div class=\"elementor-widget-wrap elementor-element-populated\">\n\t\t\t\t\t\t\t<\/div>\n\t\t<\/div>\n\t\t\t\t\t<\/div>\n\t\t<\/section>\n\t\t\t\t<\/header>\n\t\t\t\t<\/div>\n\t\t\t\t\t\t<\/div>\n\t\t\t\t<\/div>\n\t\t\t\t\t<\/div>\n\t\t<\/div>\n\t\t\t\t\t<\/div>\n\t\t<\/section>\n\t\t\t\t<section class=\"elementor-section elementor-top-section elementor-element elementor-element-9828e75 elementor-section-full_width elementor-section-height-default elementor-section-height-default\" data-id=\"9828e75\" data-element_type=\"section\">\n\t\t\t\t\t\t\t<div class=\"elementor-background-overlay\"><\/div>\n\t\t\t\t\t\t\t<div class=\"elementor-container elementor-column-gap-default\">\n\t\t\t\t\t<div class=\"elementor-column elementor-col-50 elementor-top-column elementor-element elementor-element-51fe22c\" data-id=\"51fe22c\" data-element_type=\"column\">\n\t\t\t<div class=\"elementor-widget-wrap elementor-element-populated\">\n\t\t\t\t\t\t<div class=\"elementor-element elementor-element-79193ed elementor-widget elementor-widget-image\" data-id=\"79193ed\" data-element_type=\"widget\" data-widget_type=\"image.default\">\n\t\t\t\t<div class=\"elementor-widget-container\">\n\t\t\t\t\t\t\t\t\t\t\t\t\t\t\t<img fetchpriority=\"high\" decoding=\"async\" width=\"300\" height=\"300\" src=\"https:\/\/i0.wp.com\/ani.spitzer.gallery\/wp-content\/uploads\/2021\/10\/Ani_Spitzer.jpg?fit=300%2C300&amp;ssl=1\" class=\"attachment-medium size-medium wp-image-307\" alt=\"\" srcset=\"https:\/\/i0.wp.com\/ani.spitzer.gallery\/wp-content\/uploads\/2021\/10\/Ani_Spitzer.jpg?w=960&amp;ssl=1 960w, https:\/\/i0.wp.com\/ani.spitzer.gallery\/wp-content\/uploads\/2021\/10\/Ani_Spitzer.jpg?resize=300%2C300&amp;ssl=1 300w, https:\/\/i0.wp.com\/ani.spitzer.gallery\/wp-content\/uploads\/2021\/10\/Ani_Spitzer.jpg?resize=150%2C150&amp;ssl=1 150w, https:\/\/i0.wp.com\/ani.spitzer.gallery\/wp-content\/uploads\/2021\/10\/Ani_Spitzer.jpg?resize=768%2C768&amp;ssl=1 768w, https:\/\/i0.wp.com\/ani.spitzer.gallery\/wp-content\/uploads\/2021\/10\/Ani_Spitzer.jpg?resize=12%2C12&amp;ssl=1 12w\" sizes=\"(max-width: 300px) 100vw, 300px\" \/>\t\t\t\t\t\t\t\t\t\t\t\t\t\t\t<\/div>\n\t\t\t\t<\/div>\n\t\t\t\t\t<\/div>\n\t\t<\/div>\n\t\t\t\t<div class=\"elementor-column elementor-col-50 elementor-top-column elementor-element elementor-element-9b84725\" data-id=\"9b84725\" data-element_type=\"column\">\n\t\t\t<div class=\"elementor-widget-wrap elementor-element-populated\">\n\t\t\t\t\t\t<div class=\"elementor-element elementor-element-00af2dd elementor-widget elementor-widget-text-editor\" data-id=\"00af2dd\" data-element_type=\"widget\" data-widget_type=\"text-editor.default\">\n\t\t\t\t<div class=\"elementor-widget-container\">\n\t\t\t\t\t\t\t\t\t<p class=\"p1\">Life is a roller coaster. Each stage of my life has a different story. Just like in an amusement park, you start with a small carousel and as you get older you ride bigger and bigger roller coasters.<\/p><p class=\"p1\">I am a fighter, I never give up!<\/p><p class=\"p1\">I spent my childhood in Papua New Guinea and in India. At the age of 22, I left India to settle in Germany with my German-Austrian husband.<\/p><p class=\"p1\">I belong to a highly academic\/educated family . When my maternal Grandfather (botanist and solicitor) offered me to take over his law firm, l was very motivated and started my Bachelors of law degree course.<\/p><p class=\"p1\">Meine Mutter wollte immer, dass ich Kunst studiere. Kunst war f\u00fcr mich schon immer eine sch\u00f6ne Leidenschaft. Ich konnte in meine eigene Welt eintauchen. Besorgt war ich nur, dass ich malen muss, was andere mir vorgaben und ich meine eigene Kreativit\u00e4t dabei verliere.<\/p><p class=\"p1\">Ich nahm an nationalen und internationalen Kunstwettbewerben f\u00fcr Kinder teil und erhielt mehrere Auszeichnungen von der Internationalen Kinderkunstausstellung in Japan und Indien.<\/p><p class=\"p1\">I learned basic skills of art at a government authorized art school for six years and always passed with first grade. I wasn't happy because I had always been told what I exactly had to do. Still then it gave me the insights into the world of fine arts.<br \/>But my fate was written on something else. I met my man and we fell in love.<\/p><p class=\"p1\">After a long-distance relationship of two and a half years, we decided to get married. I gave up everything and started my new life in Hamburg. My German family welcomed me with open arms. I studied German at a public school five days a week for a year without interruption. They helped me understand the language, the most important key to start my new life.<\/p><p class=\"p1\">Leider wurden mein Studium und alle indischen Zeugnisse von den deutschen Beh\u00f6rden damals nicht anerkannt. Ich war damals etwas deprimiert und habe angefangen Gru\u00dfkarten zu malen und zu verkaufen.<\/p><p class=\"p1\">After two years we moved to Frankfurt because of my husband\u2018s job. Here I gave birth to our one and only wonderful son.<\/p><p class=\"p1\">At that time I was full time mother and housewife. When my son was only two years old, having heard from a local radio station,  I got an opportunity to start my career as an assistant dentist though. I was judged the best of the year at my Institution.<\/p><p class=\"p1\">At this time period I did some commissioned art. Everyone appreciated my talent for painting.<\/p><p class=\"p1\">I worked very hard and successfully completed all training courses. I grew from an assistant to finance manager of a dentist.<\/p><p class=\"p1\">Vor f\u00fcnf Jahren hat mir mein Sohn zu meinem Geburtstag ein \u00dcberraschungsgeschenk gemacht. Er gab mir Leinwand, Pinsel und Farben zum Malen. Er sagte, er wisse, wie sehr ich meine Malerei vermisse.<\/p><p class=\"p1\">From that day on I couldn\u2019t stop painting. Now I know how much I love this world. I feel free. Most of my paintings are created intuitively.<\/p><p class=\"p1\">When I started I didn\u2019t know what I am going to paint and how it would end. I poured all my inner feelings, love, purity, positive vibes into my art. Now I feel I am complete now.<\/p><p class=\"p1\">I am a born artist. Gardening and cooking are also considered to be art and I manage both very well. That's the extension of my artistic inner being.<\/p><p class=\"p1\">Inzwischen hatte ich erfolgreiche Ausstellungen in Madrid, Paris, Luxemburg, Konstanz, Combrit Sainte-Marine(Frankreich) und 3 mal auf der ARTe Wiesbaden im RheinMain CongressCenter. Meine Kunstwerke wurden \u00fcberall sehr gesch\u00e4tzt sowohl von K\u00fcnstlern als auch von Kunstliebhabern und viele haben ein neues Zuhause bekommen.<\/p><p class=\"p1\">Now I am ready for a big, and the most exciting roller coaster ride. So many opportunities are knocking at the door. Wish me good luck. Each of my painting will give you positive vibes. Life is beautiful. Change your world. Just do what you love to do.<\/p>\t\t\t\t\t\t\t\t<\/div>\n\t\t\t\t<\/div>\n\t\t\t\t\t<\/div>\n\t\t<\/div>\n\t\t\t\t\t<\/div>\n\t\t<\/section>\n\t\t\t\t<section class=\"elementor-section elementor-top-section elementor-element elementor-element-c81d02c elementor-section-boxed elementor-section-height-default elementor-section-height-default\" data-id=\"c81d02c\" data-element_type=\"section\">\n\t\t\t\t\t\t<div class=\"elementor-container elementor-column-gap-default\">\n\t\t\t\t\t<div class=\"elementor-column elementor-col-100 elementor-top-column elementor-element elementor-element-a38b7a0\" data-id=\"a38b7a0\" data-element_type=\"column\">\n\t\t\t<div class=\"elementor-widget-wrap elementor-element-populated\">\n\t\t\t\t\t\t<div class=\"elementor-element elementor-element-4030042 elementor-widget-divider--view-line elementor-widget elementor-widget-divider\" data-id=\"4030042\" data-element_type=\"widget\" data-widget_type=\"divider.default\">\n\t\t\t\t<div class=\"elementor-widget-container\">\n\t\t\t\t\t\t\t<div class=\"elementor-divider\">\n\t\t\t<span class=\"elementor-divider-separator\">\n\t\t\t\t\t\t<\/span>\n\t\t<\/div>\n\t\t\t\t\t\t<\/div>\n\t\t\t\t<\/div>\n\t\t\t\t\t<\/div>\n\t\t<\/div>\n\t\t\t\t\t<\/div>\n\t\t<\/section>\n\t\t\t\t<section class=\"elementor-section elementor-top-section elementor-element elementor-element-5871ef5 elementor-section-full_width elementor-section-height-default elementor-section-height-default\" data-id=\"5871ef5\" data-element_type=\"section\">\n\t\t\t\t\t\t<div class=\"elementor-container elementor-column-gap-default\">\n\t\t\t\t\t<div class=\"elementor-column elementor-col-100 elementor-top-column elementor-element elementor-element-8cda192\" data-id=\"8cda192\" data-element_type=\"column\">\n\t\t\t<div class=\"elementor-widget-wrap elementor-element-populated\">\n\t\t\t\t\t\t<div class=\"elementor-element elementor-element-e684ac8 elementor-widget elementor-widget-template\" data-id=\"e684ac8\" data-element_type=\"widget\" data-widget_type=\"template.default\">\n\t\t\t\t<div class=\"elementor-widget-container\">\n\t\t\t\t\t\t\t<div class=\"elementor-template\">\n\t\t\t\t\t<footer data-elementor-type=\"footer\" data-elementor-id=\"269\" class=\"elementor elementor-269\" data-elementor-post-type=\"elementor_library\">\n\t\t\t\t\t<section class=\"elementor-section elementor-top-section elementor-element elementor-element-9221930 elementor-section-full_width elementor-section-height-default elementor-section-height-default\" data-id=\"9221930\" data-element_type=\"section\">\n\t\t\t\t\t\t\t<div class=\"elementor-background-overlay\"><\/div>\n\t\t\t\t\t\t\t<div class=\"elementor-container elementor-column-gap-default\">\n\t\t\t\t\t<div class=\"elementor-column elementor-col-25 elementor-top-column elementor-element elementor-element-a2a0217\" data-id=\"a2a0217\" data-element_type=\"column\">\n\t\t\t<div class=\"elementor-widget-wrap elementor-element-populated\">\n\t\t\t\t\t\t<div class=\"elementor-element elementor-element-317b68a elementor-widget elementor-widget-heading\" data-id=\"317b68a\" data-element_type=\"widget\" data-widget_type=\"heading.default\">\n\t\t\t\t<div class=\"elementor-widget-container\">\n\t\t\t\t\t<h5 class=\"elementor-heading-title elementor-size-default\">Address<\/h5>\t\t\t\t<\/div>\n\t\t\t\t<\/div>\n\t\t\t\t<div class=\"elementor-element elementor-element-e2da196 elementor-widget elementor-widget-text-editor\" data-id=\"e2da196\" data-element_type=\"widget\" data-widget_type=\"text-editor.default\">\n\t\t\t\t<div class=\"elementor-widget-container\">\n\t\t\t\t\t\t\t\t\t<p>Ani Spitzer<br \/>Gr\u00e4siger Weg 7 u<br \/>65719 Hofheim<\/p>\t\t\t\t\t\t\t\t<\/div>\n\t\t\t\t<\/div>\n\t\t\t\t\t<\/div>\n\t\t<\/div>\n\t\t\t\t<div class=\"elementor-column elementor-col-25 elementor-top-column elementor-element elementor-element-c931c50\" data-id=\"c931c50\" data-element_type=\"column\">\n\t\t\t<div class=\"elementor-widget-wrap elementor-element-populated\">\n\t\t\t\t\t\t<div class=\"elementor-element elementor-element-d39fe05 elementor-widget elementor-widget-heading\" data-id=\"d39fe05\" data-element_type=\"widget\" data-widget_type=\"heading.default\">\n\t\t\t\t<div class=\"elementor-widget-container\">\n\t\t\t\t\t<h5 class=\"elementor-heading-title elementor-size-default\">Contact<\/h5>\t\t\t\t<\/div>\n\t\t\t\t<\/div>\n\t\t\t\t<div class=\"elementor-element elementor-element-01d929a elementor-widget elementor-widget-text-editor\" data-id=\"01d929a\" data-element_type=\"widget\" data-widget_type=\"text-editor.default\">\n\t\t\t\t<div class=\"elementor-widget-container\">\n\t\t\t\t\t\t\t\t\t<p>E-Mail: <a href=\"mailto:ani@spitzer.gallery\">ani@spitzer.gallery<\/a><\/p>\t\t\t\t\t\t\t\t<\/div>\n\t\t\t\t<\/div>\n\t\t\t\t\t<\/div>\n\t\t<\/div>\n\t\t\t\t<div class=\"elementor-column elementor-col-25 elementor-top-column elementor-element elementor-element-9f77764\" data-id=\"9f77764\" data-element_type=\"column\">\n\t\t\t<div class=\"elementor-widget-wrap elementor-element-populated\">\n\t\t\t\t\t\t<div class=\"elementor-element elementor-element-d99e7ce elementor-widget elementor-widget-heading\" data-id=\"d99e7ce\" data-element_type=\"widget\" data-widget_type=\"heading.default\">\n\t\t\t\t<div class=\"elementor-widget-container\">\n\t\t\t\t\t<h5 class=\"elementor-heading-title elementor-size-default\">Instagram<\/h5>\t\t\t\t<\/div>\n\t\t\t\t<\/div>\n\t\t\t\t<div class=\"elementor-element elementor-element-5f1d14c e-grid-align-left elementor-shape-rounded elementor-grid-0 elementor-widget elementor-widget-social-icons\" data-id=\"5f1d14c\" data-element_type=\"widget\" data-widget_type=\"social-icons.default\">\n\t\t\t\t<div class=\"elementor-widget-container\">\n\t\t\t\t\t\t\t<div class=\"elementor-social-icons-wrapper elementor-grid\">\n\t\t\t\t\t\t\t<span class=\"elementor-grid-item\">\n\t\t\t\t\t<a class=\"elementor-icon elementor-social-icon elementor-social-icon-instagram elementor-repeater-item-45eea15\" href=\"https:\/\/www.instagram.com\/ani.spitzer.art\/\" target=\"_blank\">\n\t\t\t\t\t\t<span class=\"elementor-screen-only\">Instagram<\/span>\n\t\t\t\t\t\t<i class=\"fab fa-instagram\"><\/i>\t\t\t\t\t<\/a>\n\t\t\t\t<\/span>\n\t\t\t\t\t<\/div>\n\t\t\t\t\t\t<\/div>\n\t\t\t\t<\/div>\n\t\t\t\t\t<\/div>\n\t\t<\/div>\n\t\t\t\t<div class=\"elementor-column elementor-col-25 elementor-top-column elementor-element elementor-element-07b6192\" data-id=\"07b6192\" data-element_type=\"column\">\n\t\t\t<div class=\"elementor-widget-wrap elementor-element-populated\">\n\t\t\t\t\t\t<div class=\"elementor-element elementor-element-fda4c6d elementor-widget elementor-widget-heading\" data-id=\"fda4c6d\" data-element_type=\"widget\" data-widget_type=\"heading.default\">\n\t\t\t\t<div class=\"elementor-widget-container\">\n\t\t\t\t\t<h5 class=\"elementor-heading-title elementor-size-default\">Links<\/h5>\t\t\t\t<\/div>\n\t\t\t\t<\/div>\n\t\t\t\t<div class=\"elementor-element elementor-element-69240cc elementor-widget elementor-widget-text-editor\" data-id=\"69240cc\" data-element_type=\"widget\" data-widget_type=\"text-editor.default\">\n\t\t\t\t<div class=\"elementor-widget-container\">\n\t\t\t\t\t\t\t\t\t<p><a href=\"https:\/\/ani.spitzer.gallery\/en\/impressum\/\">Legal notice<\/a><br \/><a href=\"https:\/\/ani.spitzer.gallery\/en\/datenschutzerklaerung\/\">Privacy policy<\/a><\/p>\t\t\t\t\t\t\t\t<\/div>\n\t\t\t\t<\/div>\n\t\t\t\t\t<\/div>\n\t\t<\/div>\n\t\t\t\t\t<\/div>\n\t\t<\/section>\n\t\t\t\t<\/footer>\n\t\t\t\t<\/div>\n\t\t\t\t\t\t<\/div>\n\t\t\t\t<\/div>\n\t\t\t\t\t<\/div>\n\t\t<\/div>\n\t\t\t\t\t<\/div>\n\t\t<\/section>\n\t\t\t\t<\/div>","protected":false},"excerpt":{"rendered":"<p>Das Leben ist eine Achterbahn. Jeder meiner Lebensabschnitte hat eine andere Geschichte. Wie im Freizeitpark startet man mit einem kleinem Karussell und f\u00e4hrt, wenn man \u00e4lter wird, immer gr\u00f6\u00dfere Achterbahnen. Aber ich war immer eine K\u00e4mpferin und habe nie aufgegeben. Meine Kindheit verbrachte ich in Papua New Guinea und in Indien. Im Alter von 22 [&hellip;]<\/p>","protected":false},"author":1,"featured_media":0,"parent":0,"menu_order":0,"comment_status":"closed","ping_status":"open","template":"elementor_canvas","meta":{"footnotes":""},"class_list":["post-305","page","type-page","status-publish","hentry"],"yoast_head":"<!-- This site is optimized with the Yoast SEO plugin v27.4 - https:\/\/yoast.com\/product\/yoast-seo-wordpress\/ -->\n<title>\u00dcber mich - Ani Spitzer Art<\/title>\n<meta name=\"robots\" content=\"index, follow, max-snippet:-1, max-image-preview:large, max-video-preview:-1\" \/>\n<link rel=\"canonical\" href=\"https:\/\/ani.spitzer.gallery\/en\/ueber-mich\/\" \/>\n<meta property=\"og:locale\" content=\"en_GB\" \/>\n<meta property=\"og:type\" content=\"article\" \/>\n<meta property=\"og:title\" content=\"\u00dcber mich - Ani Spitzer Art\" \/>\n<meta property=\"og:description\" content=\"Das Leben ist eine Achterbahn. Jeder meiner Lebensabschnitte hat eine andere Geschichte. Wie im Freizeitpark startet man mit einem kleinem Karussell und f\u00e4hrt, wenn man \u00e4lter wird, immer gr\u00f6\u00dfere Achterbahnen. Aber ich war immer eine K\u00e4mpferin und habe nie aufgegeben. Meine Kindheit verbrachte ich in Papua New Guinea und in Indien. Im Alter von 22 [&hellip;]\" \/>\n<meta property=\"og:url\" content=\"https:\/\/ani.spitzer.gallery\/en\/ueber-mich\/\" \/>\n<meta property=\"og:site_name\" content=\"Ani Spitzer Art\" \/>\n<meta property=\"article:modified_time\" content=\"2025-01-28T16:42:18+00:00\" \/>\n<meta property=\"og:image\" content=\"https:\/\/ani.spitzer.gallery\/wp-content\/uploads\/2021\/10\/Ani_Spitzer-300x300.jpg\" \/>\n<meta name=\"twitter:card\" content=\"summary_large_image\" \/>\n<meta name=\"twitter:label1\" content=\"Estimated reading time\" \/>\n\t<meta name=\"twitter:data1\" content=\"3 minutes\" \/>\n<script type=\"application\/ld+json\" class=\"yoast-schema-graph\">{\"@context\":\"https:\\\/\\\/schema.org\",\"@graph\":[{\"@type\":\"WebPage\",\"@id\":\"https:\\\/\\\/ani.spitzer.gallery\\\/ueber-mich\",\"url\":\"https:\\\/\\\/ani.spitzer.gallery\\\/ueber-mich\",\"name\":\"\u00dcber mich - Ani Spitzer Art\",\"isPartOf\":{\"@id\":\"https:\\\/\\\/ani.spitzer.gallery\\\/#website\"},\"primaryImageOfPage\":{\"@id\":\"https:\\\/\\\/ani.spitzer.gallery\\\/ueber-mich#primaryimage\"},\"image\":{\"@id\":\"https:\\\/\\\/ani.spitzer.gallery\\\/ueber-mich#primaryimage\"},\"thumbnailUrl\":\"https:\\\/\\\/ani.spitzer.gallery\\\/wp-content\\\/uploads\\\/2021\\\/10\\\/Ani_Spitzer-300x300.jpg\",\"datePublished\":\"2021-10-19T07:55:11+00:00\",\"dateModified\":\"2025-01-28T16:42:18+00:00\",\"breadcrumb\":{\"@id\":\"https:\\\/\\\/ani.spitzer.gallery\\\/ueber-mich#breadcrumb\"},\"inLanguage\":\"en-GB\",\"potentialAction\":[{\"@type\":\"ReadAction\",\"target\":[\"https:\\\/\\\/ani.spitzer.gallery\\\/ueber-mich\"]}]},{\"@type\":\"ImageObject\",\"inLanguage\":\"en-GB\",\"@id\":\"https:\\\/\\\/ani.spitzer.gallery\\\/ueber-mich#primaryimage\",\"url\":\"https:\\\/\\\/ani.spitzer.gallery\\\/wp-content\\\/uploads\\\/2021\\\/10\\\/Ani_Spitzer-300x300.jpg\",\"contentUrl\":\"https:\\\/\\\/ani.spitzer.gallery\\\/wp-content\\\/uploads\\\/2021\\\/10\\\/Ani_Spitzer-300x300.jpg\"},{\"@type\":\"BreadcrumbList\",\"@id\":\"https:\\\/\\\/ani.spitzer.gallery\\\/ueber-mich#breadcrumb\",\"itemListElement\":[{\"@type\":\"ListItem\",\"position\":1,\"name\":\"Startseite\",\"item\":\"https:\\\/\\\/ani.spitzer.gallery\\\/\"},{\"@type\":\"ListItem\",\"position\":2,\"name\":\"\u00dcber mich\"}]},{\"@type\":\"WebSite\",\"@id\":\"https:\\\/\\\/ani.spitzer.gallery\\\/#website\",\"url\":\"https:\\\/\\\/ani.spitzer.gallery\\\/\",\"name\":\"Ani Spitzer Art\",\"description\":\"K\u00fcnstlerin - Malerin\",\"potentialAction\":[{\"@type\":\"SearchAction\",\"target\":{\"@type\":\"EntryPoint\",\"urlTemplate\":\"https:\\\/\\\/ani.spitzer.gallery\\\/?s={search_term_string}\"},\"query-input\":{\"@type\":\"PropertyValueSpecification\",\"valueRequired\":true,\"valueName\":\"search_term_string\"}}],\"inLanguage\":\"en-GB\"}]}<\/script>\n<!-- \/ Yoast SEO plugin. -->","yoast_head_json":{"title":"\u00dcber mich - Ani Spitzer Art","robots":{"index":"index","follow":"follow","max-snippet":"max-snippet:-1","max-image-preview":"max-image-preview:large","max-video-preview":"max-video-preview:-1"},"canonical":"https:\/\/ani.spitzer.gallery\/en\/ueber-mich\/","og_locale":"en_GB","og_type":"article","og_title":"\u00dcber mich - Ani Spitzer Art","og_description":"Das Leben ist eine Achterbahn. Jeder meiner Lebensabschnitte hat eine andere Geschichte. Wie im Freizeitpark startet man mit einem kleinem Karussell und f\u00e4hrt, wenn man \u00e4lter wird, immer gr\u00f6\u00dfere Achterbahnen. Aber ich war immer eine K\u00e4mpferin und habe nie aufgegeben. Meine Kindheit verbrachte ich in Papua New Guinea und in Indien. Im Alter von 22 [&hellip;]","og_url":"https:\/\/ani.spitzer.gallery\/en\/ueber-mich\/","og_site_name":"Ani Spitzer Art","article_modified_time":"2025-01-28T16:42:18+00:00","og_image":[{"url":"https:\/\/ani.spitzer.gallery\/wp-content\/uploads\/2021\/10\/Ani_Spitzer-300x300.jpg","type":"","width":"","height":""}],"twitter_card":"summary_large_image","twitter_misc":{"Estimated reading time":"3 minutes"},"schema":{"@context":"https:\/\/schema.org","@graph":[{"@type":"WebPage","@id":"https:\/\/ani.spitzer.gallery\/ueber-mich","url":"https:\/\/ani.spitzer.gallery\/ueber-mich","name":"\u00dcber mich - Ani Spitzer Art","isPartOf":{"@id":"https:\/\/ani.spitzer.gallery\/#website"},"primaryImageOfPage":{"@id":"https:\/\/ani.spitzer.gallery\/ueber-mich#primaryimage"},"image":{"@id":"https:\/\/ani.spitzer.gallery\/ueber-mich#primaryimage"},"thumbnailUrl":"https:\/\/ani.spitzer.gallery\/wp-content\/uploads\/2021\/10\/Ani_Spitzer-300x300.jpg","datePublished":"2021-10-19T07:55:11+00:00","dateModified":"2025-01-28T16:42:18+00:00","breadcrumb":{"@id":"https:\/\/ani.spitzer.gallery\/ueber-mich#breadcrumb"},"inLanguage":"en-GB","potentialAction":[{"@type":"ReadAction","target":["https:\/\/ani.spitzer.gallery\/ueber-mich"]}]},{"@type":"ImageObject","inLanguage":"en-GB","@id":"https:\/\/ani.spitzer.gallery\/ueber-mich#primaryimage","url":"https:\/\/ani.spitzer.gallery\/wp-content\/uploads\/2021\/10\/Ani_Spitzer-300x300.jpg","contentUrl":"https:\/\/ani.spitzer.gallery\/wp-content\/uploads\/2021\/10\/Ani_Spitzer-300x300.jpg"},{"@type":"BreadcrumbList","@id":"https:\/\/ani.spitzer.gallery\/ueber-mich#breadcrumb","itemListElement":[{"@type":"ListItem","position":1,"name":"Startseite","item":"https:\/\/ani.spitzer.gallery\/"},{"@type":"ListItem","position":2,"name":"\u00dcber mich"}]},{"@type":"WebSite","@id":"https:\/\/ani.spitzer.gallery\/#website","url":"https:\/\/ani.spitzer.gallery\/","name":"Ani Spitzer Art","description":"K\u00fcnstlerin - Malerin","potentialAction":[{"@type":"SearchAction","target":{"@type":"EntryPoint","urlTemplate":"https:\/\/ani.spitzer.gallery\/?s={search_term_string}"},"query-input":{"@type":"PropertyValueSpecification","valueRequired":true,"valueName":"search_term_string"}}],"inLanguage":"en-GB"}]}},"jetpack_sharing_enabled":true,"_links":{"self":[{"href":"https:\/\/ani.spitzer.gallery\/en\/wp-json\/wp\/v2\/pages\/305","targetHints":{"allow":["GET"]}}],"collection":[{"href":"https:\/\/ani.spitzer.gallery\/en\/wp-json\/wp\/v2\/pages"}],"about":[{"href":"https:\/\/ani.spitzer.gallery\/en\/wp-json\/wp\/v2\/types\/page"}],"author":[{"embeddable":true,"href":"https:\/\/ani.spitzer.gallery\/en\/wp-json\/wp\/v2\/users\/1"}],"replies":[{"embeddable":true,"href":"https:\/\/ani.spitzer.gallery\/en\/wp-json\/wp\/v2\/comments?post=305"}],"version-history":[{"count":0,"href":"https:\/\/ani.spitzer.gallery\/en\/wp-json\/wp\/v2\/pages\/305\/revisions"}],"wp:attachment":[{"href":"https:\/\/ani.spitzer.gallery\/en\/wp-json\/wp\/v2\/media?parent=305"}],"curies":[{"name":"wp","href":"https:\/\/api.w.org\/{rel}","templated":true}]}}